{"id":1453,"date":"2020-07-30T08:23:12","date_gmt":"2020-07-30T13:23:12","guid":{"rendered":"http:\/\/138.128.182.58\/~avoolio\/avoolio-yo\/"},"modified":"2021-12-08T14:28:06","modified_gmt":"2021-12-08T20:28:06","slug":"avoolio-yo","status":"publish","type":"page","link":"https:\/\/avoolio.mx\/en\/avoolio-yo\/","title":{"rendered":"AvoOlio &#038; yo"},"content":{"rendered":"\t\t<div data-elementor-type=\"wp-post\" data-elementor-id=\"1453\" class=\"elementor elementor-1453 elementor-1229\" data-elementor-post-type=\"page\">\n\t\t\t\t\t\t<section class=\"elementor-section elementor-top-section elementor-element elementor-element-wsjjmdr elementor-section-full_width elementor-section-height-default elementor-section-height-default\" data-id=\"wsjjmdr\" data-element_type=\"section\" data-settings=\"{&quot;background_background&quot;:&quot;classic&quot;}\">\n\t\t\t\t\t\t\t<div class=\"elementor-background-overlay\"><\/div>\n\t\t\t\t\t\t\t<div class=\"elementor-container elementor-column-gap-default\">\n\t\t\t\t\t<div class=\"elementor-column elementor-col-100 elementor-top-column elementor-element elementor-element-htogtop\" data-id=\"htogtop\" data-element_type=\"column\">\n\t\t\t<div class=\"elementor-widget-wrap elementor-element-populated\">\n\t\t\t\t\t\t<section class=\"elementor-section elementor-inner-section elementor-element elementor-element-3nscsbt elementor-section-boxed elementor-section-height-default elementor-section-height-default\" data-id=\"3nscsbt\" data-element_type=\"section\">\n\t\t\t\t\t\t<div class=\"elementor-container elementor-column-gap-default\">\n\t\t\t\t\t<div class=\"elementor-column elementor-col-33 elementor-inner-column elementor-element elementor-element-1isgz4i\" data-id=\"1isgz4i\" data-element_type=\"column\">\n\t\t\t<div class=\"elementor-widget-wrap\">\n\t\t\t\t\t\t\t<\/div>\n\t\t<\/div>\n\t\t\t\t<div class=\"elementor-column elementor-col-33 elementor-inner-column elementor-element elementor-element-nhn79yo\" data-id=\"nhn79yo\" data-element_type=\"column\">\n\t\t\t<div class=\"elementor-widget-wrap elementor-element-populated\">\n\t\t\t\t\t\t<div class=\"elementor-element elementor-element-pyqcitf elementor-invisible elementor-widget elementor-widget-heading\" data-id=\"pyqcitf\" data-element_type=\"widget\" data-settings=\"{&quot;_animation&quot;:&quot;fadeInUp&quot;,&quot;_animation_delay&quot;:200}\" data-widget_type=\"heading.default\">\n\t\t\t\t<div class=\"elementor-widget-container\">\n\t\t\t\t\t<h1 class=\"elementor-heading-title elementor-size-default\">Avoolio &amp; yo<\/h1>\t\t\t\t<\/div>\n\t\t\t\t<\/div>\n\t\t\t\t\t<\/div>\n\t\t<\/div>\n\t\t\t\t<div class=\"elementor-column elementor-col-33 elementor-inner-column elementor-element elementor-element-t18woxg\" data-id=\"t18woxg\" data-element_type=\"column\">\n\t\t\t<div class=\"elementor-widget-wrap\">\n\t\t\t\t\t\t\t<\/div>\n\t\t<\/div>\n\t\t\t\t\t<\/div>\n\t\t<\/section>\n\t\t\t\t\t<\/div>\n\t\t<\/div>\n\t\t\t\t\t<\/div>\n\t\t<\/section>\n\t\t\t\t<section class=\"elementor-section elementor-top-section elementor-element elementor-element-2hqe5yx elementor-section-boxed elementor-section-height-default elementor-section-height-default\" data-id=\"2hqe5yx\" data-element_type=\"section\" data-settings=\"{&quot;background_background&quot;:&quot;classic&quot;}\">\n\t\t\t\t\t\t\t<div class=\"elementor-background-overlay\"><\/div>\n\t\t\t\t\t\t\t<div class=\"elementor-container elementor-column-gap-default\">\n\t\t\t\t\t<div class=\"elementor-column elementor-col-100 elementor-top-column elementor-element elementor-element-4fp0756\" data-id=\"4fp0756\" data-element_type=\"column\">\n\t\t\t<div class=\"elementor-widget-wrap elementor-element-populated\">\n\t\t\t\t\t\t<div class=\"elementor-element elementor-element-52308a8 elementor-widget elementor-widget-uael-posts\" data-id=\"52308a8\" data-element_type=\"widget\" data-settings=\"{&quot;feed_slides_to_show_tablet&quot;:2,&quot;feed_slides_to_show_mobile&quot;:1,&quot;feed_show_filters&quot;:&quot;no&quot;}\" data-widget_type=\"uael-posts.feed\">\n\t\t\t\t<div class=\"elementor-widget-container\">\n\t\t\t\t\t\t\t<div class=\"uael-post__header\">\n\t\t\t\t\t<\/div>\n\t\t<div class=\"uael-post__body\">\n\t\t\t\n\t\t\n\t\t<div class=\"uael-post-grid uael-posts\" data-query-type=\"custom\" data-structure=\"\" data-layout=\"\" data-page=\"1453\" data-skin=\"feed\" data-filter-default=\"\" data-offset-top=\"30\" >\n\n\t\t\t\t\t\t\t<div class=\"uael-post-grid__inner uael-post__columns-1 uael-post__columns-tablet-1 uael-post__columns-mobile-1\">\n\t\t\t\n\n<div class=\"uael-post-wrapper  avoolio-recipes \">\n\n\t<div class=\"uael-post__bg-wrap\">\n\t\t\n\t\t\n\t\t<div class=\"uael-post__inner-wrap \">\n\n\t\t\t\t<div class=\"uael-post__thumbnail\">\n\t\t\t\n\t\t\t<a href=\"https:\/\/avoolio.mx\/en\/avoolio-egg-roll\/\" target=\"_self\" title=\"AvoOlio Avocado Egg In A Hole\"><img fetchpriority=\"high\" decoding=\"async\" width=\"700\" height=\"500\" src=\"https:\/\/avoolio.mx\/wp-content\/uploads\/2020\/07\/avocado-egg-rolls-8-2-700x697-700x500-1.jpg\" class=\"attachment-full size-full wp-image-1446\" alt=\"\" srcset=\"https:\/\/avoolio.mx\/wp-content\/uploads\/2020\/07\/avocado-egg-rolls-8-2-700x697-700x500-1.jpg 700w, https:\/\/avoolio.mx\/wp-content\/uploads\/2020\/07\/avocado-egg-rolls-8-2-700x697-700x500-1-600x429.jpg 600w, https:\/\/avoolio.mx\/wp-content\/uploads\/2020\/07\/avocado-egg-rolls-8-2-700x697-700x500-1-300x214.jpg 300w\" sizes=\"(max-width: 700px) 100vw, 700px\" \/><\/a>\n\t\t\t\t\t<\/div>\n\t\t\n\t\t\t\n\t\t\t<div class=\"uael-post__content-wrap\">\n\n\t\t\t<span class=\"uael-post__terms\"><a href=\"https:\/\/avoolio.mx\/en\/category\/recetas-avoolio-en\/\" class=\"uael-listing__terms-link\" id=\"uael-post-term-recetas-avoolio-en\" aria-labelledby=\"uael-post-term-recetas-avoolio-en\">AvoOlio Recipes<\/a><\/span>\t\t<h3 class=\"uael-post__title\">\n\n\t\t\n\t\t\t\t\t\t<a href=\"https:\/\/avoolio.mx\/en\/avoolio-egg-roll\/\" target=\"_self\">\n\t\t\t\tAvoOlio Avocado Egg In A Hole\t\t\t<\/a>\n\n\t\t\t\t<\/h3>\n\t\t<div class=\"uael-post__separator\"><\/div>\n\t\t<div class=\"uael-post__excerpt\">\n\t\t\tYou can do it without this representing an unnecessary load of calories, without losing the experience that we all love! Prep Time: 20\u00a0mins Cook Time: ...\t\t<\/div>\n\n\t\t\t\t\t<div class=\"uael-post__meta-data\">\n\t\t\t\t\t<span class=\"uael-post__date\">\n\t\t\t\t\t\t\t\t\t\t\t\t\t<i aria-hidden=\"true\" class=\"fa fa-calendar\"><\/i>\t\t\t\t\t\t\t\t\t\n\t\t\tJuly 29, 2020\t\t<\/span>\n\t\t\t\t<\/div>\n\t\t\t\t\t<\/div>\n\t\t\t\n\t\t<\/div>\n\t\t\n\t<\/div>\n\n<\/div>\n\n\n<div class=\"uael-post-wrapper  en-bee-avoolio \">\n\n\t<div class=\"uael-post__bg-wrap\">\n\t\t\n\t\t\n\t\t<div class=\"uael-post__inner-wrap \">\n\n\t\t\t\t<div class=\"uael-post__thumbnail\">\n\t\t\t\n\t\t\t<a href=\"https:\/\/avoolio.mx\/en\/certificacion-en-apicultura-y-polinizacion-bee-avoolio\/\" target=\"_self\" title=\"Land of origin\"><img decoding=\"async\" width=\"750\" height=\"500\" src=\"https:\/\/avoolio.mx\/wp-content\/uploads\/2020\/07\/WhatsApp-Image-2019-12-16-at-14.04.58-750x500-1.jpeg\" class=\"attachment-full size-full wp-image-1475\" alt=\"\" srcset=\"https:\/\/avoolio.mx\/wp-content\/uploads\/2020\/07\/WhatsApp-Image-2019-12-16-at-14.04.58-750x500-1.jpeg 750w, https:\/\/avoolio.mx\/wp-content\/uploads\/2020\/07\/WhatsApp-Image-2019-12-16-at-14.04.58-750x500-1-600x400.jpeg 600w, https:\/\/avoolio.mx\/wp-content\/uploads\/2020\/07\/WhatsApp-Image-2019-12-16-at-14.04.58-750x500-1-300x200.jpeg 300w\" sizes=\"(max-width: 750px) 100vw, 750px\" \/><\/a>\n\t\t\t\t\t<\/div>\n\t\t\n\t\t\t\n\t\t\t<div class=\"uael-post__content-wrap\">\n\n\t\t\t<span class=\"uael-post__terms\"><a href=\"https:\/\/avoolio.mx\/en\/category\/bee-avoolio-en\/\" class=\"uael-listing__terms-link\" id=\"uael-post-term-bee-avoolio-en\" aria-labelledby=\"uael-post-term-bee-avoolio-en\">EN BEE AvoOlio<\/a><\/span>\t\t<h3 class=\"uael-post__title\">\n\n\t\t\n\t\t\t\t\t\t<a href=\"https:\/\/avoolio.mx\/en\/certificacion-en-apicultura-y-polinizacion-bee-avoolio\/\" target=\"_self\">\n\t\t\t\tLand of origin\t\t\t<\/a>\n\n\t\t\t\t<\/h3>\n\t\t<div class=\"uael-post__separator\"><\/div>\n\t\t<div class=\"uael-post__excerpt\">\n\t\t\tThe State of Michoac\u00e1n, Mexico, is located in the center-west of Mexico. It borders the Pacific Ocean to the southwest and the states of Colima ...\t\t<\/div>\n\n\t\t\t\t\t<div class=\"uael-post__meta-data\">\n\t\t\t\t\t<span class=\"uael-post__date\">\n\t\t\t\t\t\t\t\t\t\t\t\t\t<i aria-hidden=\"true\" class=\"fa fa-calendar\"><\/i>\t\t\t\t\t\t\t\t\t\n\t\t\tJuly 29, 2020\t\t<\/span>\n\t\t\t\t<\/div>\n\t\t\t\t\t<\/div>\n\t\t\t\n\t\t<\/div>\n\t\t\n\t<\/div>\n\n<\/div>\n\n\n<div class=\"uael-post-wrapper  en-information \">\n\n\t<div class=\"uael-post__bg-wrap\">\n\t\t\n\t\t\n\t\t<div class=\"uael-post__inner-wrap \">\n\n\t\t\t\t<div class=\"uael-post__thumbnail\">\n\t\t\t\n\t\t\t<a href=\"https:\/\/avoolio.mx\/en\/programa-de-conservacion-del-ajolote-mexicano-avoolio\/\" target=\"_self\" title=\"THE MEXICAN AXOLOTL CONSERVATION PROGRAM AvoOlio\"><img decoding=\"async\" width=\"252\" height=\"200\" src=\"https:\/\/avoolio.mx\/wp-content\/uploads\/2020\/07\/41E45960-FDD4-4543-99E5-B09BC52FCCCF.jpeg\" class=\"attachment-full size-full wp-image-1450\" alt=\"\" \/><\/a>\n\t\t\t\t\t<\/div>\n\t\t\n\t\t\t\n\t\t\t<div class=\"uael-post__content-wrap\">\n\n\t\t\t<span class=\"uael-post__terms\"><a href=\"https:\/\/avoolio.mx\/en\/category\/en-information\/\" class=\"uael-listing__terms-link\" id=\"uael-post-term-en-information\" aria-labelledby=\"uael-post-term-en-information\">EN Information<\/a><\/span>\t\t<h3 class=\"uael-post__title\">\n\n\t\t\n\t\t\t\t\t\t<a href=\"https:\/\/avoolio.mx\/en\/programa-de-conservacion-del-ajolote-mexicano-avoolio\/\" target=\"_self\">\n\t\t\t\tTHE MEXICAN AXOLOTL CONSERVATION PROGRAM AvoOlio\t\t\t<\/a>\n\n\t\t\t\t<\/h3>\n\t\t<div class=\"uael-post__separator\"><\/div>\n\t\t<div class=\"uael-post__excerpt\">\n\t\t\tTHE MEXICAN AXOLOTL AND ITS CONSERVATION IN MICHOACAN The Mexican axolotl\u00a0is an emblematic species of our country, with great presence\u00a0and biological importance. It is an ...\t\t<\/div>\n\n\t\t\t\t\t<div class=\"uael-post__meta-data\">\n\t\t\t\t\t<span class=\"uael-post__date\">\n\t\t\t\t\t\t\t\t\t\t\t\t\t<i aria-hidden=\"true\" class=\"fa fa-calendar\"><\/i>\t\t\t\t\t\t\t\t\t\n\t\t\tJuly 30, 2020\t\t<\/span>\n\t\t\t\t<\/div>\n\t\t\t\t\t<\/div>\n\t\t\t\n\t\t<\/div>\n\t\t\n\t<\/div>\n\n<\/div>\n\t\t\t\t<\/div>\n\t\t\t\t\t\t\n\t\t<\/div>\n\n\t\t\t\t\t\t<\/div>\n\t\t<div class=\"uael-post__footer\">\n\t\t\t\t\t<\/div>\n\t\t\t\t\t\t<\/div>\n\t\t\t\t<\/div>\n\t\t\t\t\t<\/div>\n\t\t<\/div>\n\t\t\t\t\t<\/div>\n\t\t<\/section>\n\t\t\t\t<section class=\"elementor-section elementor-top-section elementor-element elementor-element-f734931 elementor-section-boxed elementor-section-height-default elementor-section-height-default\" data-id=\"f734931\" data-element_type=\"section\" data-settings=\"{&quot;background_background&quot;:&quot;classic&quot;}\">\n\t\t\t\t\t\t\t<div class=\"elementor-background-overlay\"><\/div>\n\t\t\t\t\t\t\t<div class=\"elementor-container elementor-column-gap-default\">\n\t\t\t\t\t<div class=\"elementor-column elementor-col-100 elementor-top-column elementor-element elementor-element-8462dde\" data-id=\"8462dde\" data-element_type=\"column\">\n\t\t\t<div class=\"elementor-widget-wrap elementor-element-populated\">\n\t\t\t\t\t\t<section class=\"elementor-section elementor-inner-section elementor-element elementor-element-13fe3ec elementor-section-content-middle elementor-section-boxed elementor-section-height-default elementor-section-height-default\" data-id=\"13fe3ec\" data-element_type=\"section\">\n\t\t\t\t\t\t<div class=\"elementor-container elementor-column-gap-default\">\n\t\t\t\t\t<div class=\"elementor-column elementor-col-50 elementor-inner-column elementor-element elementor-element-bffe8a5\" data-id=\"bffe8a5\" data-element_type=\"column\">\n\t\t\t<div class=\"elementor-widget-wrap elementor-element-populated\">\n\t\t\t\t\t\t<div class=\"elementor-element elementor-element-123a377 elementor-widget elementor-widget-image\" data-id=\"123a377\" data-element_type=\"widget\" data-widget_type=\"image.default\">\n\t\t\t\t<div class=\"elementor-widget-container\">\n\t\t\t\t\t\t\t\t\t\t\t\t\t\t\t<img decoding=\"async\" src=\"https:\/\/avoolio.mx\/wp-content\/uploads\/elementor\/thumbs\/AVOOLIO-500ml-ph883x3r9l1wqtbbyyy8wh8xv1bhtg87kd07zt7se8.png\" title=\"AVOOLIO 500ml\" alt=\"AVOOLIO 500ml\" loading=\"lazy\" \/>\t\t\t\t\t\t\t\t\t\t\t\t\t\t\t<\/div>\n\t\t\t\t<\/div>\n\t\t\t\t\t<\/div>\n\t\t<\/div>\n\t\t\t\t<div class=\"elementor-column elementor-col-50 elementor-inner-column elementor-element elementor-element-cd3ee8c\" data-id=\"cd3ee8c\" data-element_type=\"column\">\n\t\t\t<div class=\"elementor-widget-wrap elementor-element-populated\">\n\t\t\t\t\t\t<div class=\"elementor-element elementor-element-a37a78f elementor-widget elementor-widget-heading\" data-id=\"a37a78f\" data-element_type=\"widget\" data-widget_type=\"heading.default\">\n\t\t\t\t<div class=\"elementor-widget-container\">\n\t\t\t\t\t<h4 class=\"elementor-heading-title elementor-size-default\">Queremos ayudarte<\/h4>\t\t\t\t<\/div>\n\t\t\t\t<\/div>\n\t\t\t\t<div class=\"elementor-element elementor-element-f771af3 elementor-widget elementor-widget-heading\" data-id=\"f771af3\" data-element_type=\"widget\" data-widget_type=\"heading.default\">\n\t\t\t\t<div class=\"elementor-widget-container\">\n\t\t\t\t\t<h2 class=\"elementor-heading-title elementor-size-default\">Ponte en contacto<\/h2>\t\t\t\t<\/div>\n\t\t\t\t<\/div>\n\t\t\t\t<div class=\"elementor-element elementor-element-7217344 elementor-widget elementor-widget-text-editor\" data-id=\"7217344\" data-element_type=\"widget\" data-widget_type=\"text-editor.default\">\n\t\t\t\t<div class=\"elementor-widget-container\">\n\t\t\t\t\t\t\t\t\t<p>Si quieres conocer m\u00e1s sobre nuestros productos y su comercializaci\u00f3n, ponte en contacto con nosotros. \u00a1Ser\u00e1 un gusto atenderte!<\/p>\t\t\t\t\t\t\t\t<\/div>\n\t\t\t\t<\/div>\n\t\t\t\t<div class=\"elementor-element elementor-element-c19dca8 elementor-align-left elementor-widget elementor-widget-button\" data-id=\"c19dca8\" data-element_type=\"widget\" data-widget_type=\"button.default\">\n\t\t\t\t<div class=\"elementor-widget-container\">\n\t\t\t\t\t\t\t\t\t<div class=\"elementor-button-wrapper\">\n\t\t\t\t\t<a class=\"elementor-button elementor-button-link elementor-size-md elementor-animation-float\" href=\"https:\/\/avoolio.mx\/?page_id=30\">\n\t\t\t\t\t\t<span class=\"elementor-button-content-wrapper\">\n\t\t\t\t\t\t<span class=\"elementor-button-icon\">\n\t\t\t\t<i aria-hidden=\"true\" class=\"fas fa-arrow-right\"><\/i>\t\t\t<\/span>\n\t\t\t\t\t\t\t\t\t<span class=\"elementor-button-text\">Contacto<\/span>\n\t\t\t\t\t<\/span>\n\t\t\t\t\t<\/a>\n\t\t\t\t<\/div>\n\t\t\t\t\t\t\t\t<\/div>\n\t\t\t\t<\/div>\n\t\t\t\t\t<\/div>\n\t\t<\/div>\n\t\t\t\t\t<\/div>\n\t\t<\/section>\n\t\t\t\t\t<\/div>\n\t\t<\/div>\n\t\t\t\t\t<\/div>\n\t\t<\/section>\n\t\t\t\t<\/div>\n\t\t","protected":false},"excerpt":{"rendered":"<p>Avoolio &#038; yo ES Recetas AvoOlio Avoolio Egg Roll Estos Egg Rolls horneados con deliciosos aguacates Avoolio, contienen grasas saludables y mucho sabor para \u00a1sorprender a tus invitados en la pr\u00f3xima reuni\u00f3n! Tiempo de &#8230; julio 29, 2020 ES BEE AvoOlio CERTIFICACI\u00d3N EN APICULTURA Y POLINIZACI\u00d3N \u2013 BEE AvoOlio. CERTIFICACI\u00d3N EN APICULTURA Y POLINIZACI\u00d3N \u2013 [&hellip;]<\/p>\n","protected":false},"author":1,"featured_media":0,"parent":0,"menu_order":0,"comment_status":"closed","ping_status":"closed","template":"","meta":{"_monsterinsights_skip_tracking":false,"_monsterinsights_sitenote_active":false,"_monsterinsights_sitenote_note":"","_monsterinsights_sitenote_category":0,"site-sidebar-layout":"no-sidebar","site-content-layout":"page-builder","ast-site-content-layout":"default","site-content-style":"default","site-sidebar-style":"default","ast-global-header-display":"","ast-banner-title-visibility":"","ast-main-header-display":"","ast-hfb-above-header-display":"","ast-hfb-below-header-display":"","ast-hfb-mobile-header-display":"","site-post-title":"disabled","ast-breadcrumbs-content":"","ast-featured-img":"disabled","footer-sml-layout":"","theme-transparent-header-meta":"enabled","adv-header-id-meta":"","stick-header-meta":"","header-above-stick-meta":"","header-main-stick-meta":"","header-below-stick-meta":"","astra-migrate-meta-layouts":"default","ast-page-background-enabled":"default","ast-page-background-meta":{"desktop":{"background-color":"","background-image":"","background-repeat":"repeat","background-position":"center center","background-size":"auto","background-attachment":"scroll","background-type":"","background-media":"","overlay-type":"","overlay-color":"","overlay-opacity":"","overlay-gradient":""},"tablet":{"background-color":"","background-image":"","background-repeat":"repeat","background-position":"center center","background-size":"auto","background-attachment":"scroll","background-type":"","background-media":"","overlay-type":"","overlay-color":"","overlay-opacity":"","overlay-gradient":""},"mobile":{"background-color":"","background-image":"","background-repeat":"repeat","background-position":"center center","background-size":"auto","background-attachment":"scroll","background-type":"","background-media":"","overlay-type":"","overlay-color":"","overlay-opacity":"","overlay-gradient":""}},"ast-content-background-meta":{"desktop":{"background-color":"var(--ast-global-color-5)","background-image":"","background-repeat":"repeat","background-position":"center center","background-size":"auto","background-attachment":"scroll","background-type":"","background-media":"","overlay-type":"","overlay-color":"","overlay-opacity":"","overlay-gradient":""},"tablet":{"background-color":"var(--ast-global-color-5)","background-image":"","background-repeat":"repeat","background-position":"center center","background-size":"auto","background-attachment":"scroll","background-type":"","background-media":"","overlay-type":"","overlay-color":"","overlay-opacity":"","overlay-gradient":""},"mobile":{"background-color":"var(--ast-global-color-5)","background-image":"","background-repeat":"repeat","background-position":"center center","background-size":"auto","background-attachment":"scroll","background-type":"","background-media":"","overlay-type":"","overlay-color":"","overlay-opacity":"","overlay-gradient":""}},"footnotes":""},"class_list":["post-1453","page","type-page","status-publish","hentry"],"yoast_head":"<!-- This site is optimized with the Yoast SEO plugin v26.3 - https:\/\/yoast.com\/wordpress\/plugins\/seo\/ -->\n<title>AvoOlio &amp; yo - Avo Olio<\/title>\n<meta name=\"robots\" content=\"index, follow, max-snippet:-1, max-image-preview:large, max-video-preview:-1\" \/>\n<link rel=\"canonical\" href=\"https:\/\/avoolio.mx\/en\/avoolio-yo\/\" \/>\n<meta property=\"og:locale\" content=\"en_US\" \/>\n<meta property=\"og:type\" content=\"article\" \/>\n<meta property=\"og:title\" content=\"AvoOlio &amp; yo - Avo Olio\" \/>\n<meta property=\"og:description\" content=\"Avoolio &#038; yo ES Recetas AvoOlio Avoolio Egg Roll Estos Egg Rolls horneados con deliciosos aguacates Avoolio, contienen grasas saludables y mucho sabor para \u00a1sorprender a tus invitados en la pr\u00f3xima reuni\u00f3n! Tiempo de &#8230; julio 29, 2020 ES BEE AvoOlio CERTIFICACI\u00d3N EN APICULTURA Y POLINIZACI\u00d3N \u2013 BEE AvoOlio. CERTIFICACI\u00d3N EN APICULTURA Y POLINIZACI\u00d3N \u2013 [&hellip;]\" \/>\n<meta property=\"og:url\" content=\"https:\/\/avoolio.mx\/en\/avoolio-yo\/\" \/>\n<meta property=\"og:site_name\" content=\"Avo Olio\" \/>\n<meta property=\"article:modified_time\" content=\"2021-12-08T20:28:06+00:00\" \/>\n<meta property=\"og:image\" content=\"http:\/\/avoolio.mx\/wp-content\/uploads\/2020\/07\/avocado-egg-rolls-8-2-700x697-700x500-1.jpg\" \/>\n<meta name=\"twitter:card\" content=\"summary_large_image\" \/>\n<meta name=\"twitter:label1\" content=\"Est. reading time\" \/>\n\t<meta name=\"twitter:data1\" content=\"1 minute\" \/>\n<script type=\"application\/ld+json\" class=\"yoast-schema-graph\">{\"@context\":\"https:\/\/schema.org\",\"@graph\":[{\"@type\":\"WebPage\",\"@id\":\"https:\/\/avoolio.mx\/en\/avoolio-yo\/\",\"url\":\"https:\/\/avoolio.mx\/en\/avoolio-yo\/\",\"name\":\"AvoOlio & yo - Avo Olio\",\"isPartOf\":{\"@id\":\"https:\/\/avoolio.mx\/en\/#website\"},\"primaryImageOfPage\":{\"@id\":\"https:\/\/avoolio.mx\/en\/avoolio-yo\/#primaryimage\"},\"image\":{\"@id\":\"https:\/\/avoolio.mx\/en\/avoolio-yo\/#primaryimage\"},\"thumbnailUrl\":\"http:\/\/avoolio.mx\/wp-content\/uploads\/2020\/07\/avocado-egg-rolls-8-2-700x697-700x500-1.jpg\",\"datePublished\":\"2020-07-30T13:23:12+00:00\",\"dateModified\":\"2021-12-08T20:28:06+00:00\",\"breadcrumb\":{\"@id\":\"https:\/\/avoolio.mx\/en\/avoolio-yo\/#breadcrumb\"},\"inLanguage\":\"en-US\",\"potentialAction\":[{\"@type\":\"ReadAction\",\"target\":[\"https:\/\/avoolio.mx\/en\/avoolio-yo\/\"]}]},{\"@type\":\"ImageObject\",\"inLanguage\":\"en-US\",\"@id\":\"https:\/\/avoolio.mx\/en\/avoolio-yo\/#primaryimage\",\"url\":\"http:\/\/avoolio.mx\/wp-content\/uploads\/2020\/07\/avocado-egg-rolls-8-2-700x697-700x500-1.jpg\",\"contentUrl\":\"http:\/\/avoolio.mx\/wp-content\/uploads\/2020\/07\/avocado-egg-rolls-8-2-700x697-700x500-1.jpg\"},{\"@type\":\"BreadcrumbList\",\"@id\":\"https:\/\/avoolio.mx\/en\/avoolio-yo\/#breadcrumb\",\"itemListElement\":[{\"@type\":\"ListItem\",\"position\":1,\"name\":\"Portada\",\"item\":\"https:\/\/avoolio.mx\/en\/\"},{\"@type\":\"ListItem\",\"position\":2,\"name\":\"AvoOlio &#038; yo\"}]},{\"@type\":\"WebSite\",\"@id\":\"https:\/\/avoolio.mx\/en\/#website\",\"url\":\"https:\/\/avoolio.mx\/en\/\",\"name\":\"Avo Olio\",\"description\":\"Avocados\",\"publisher\":{\"@id\":\"https:\/\/avoolio.mx\/en\/#organization\"},\"potentialAction\":[{\"@type\":\"SearchAction\",\"target\":{\"@type\":\"EntryPoint\",\"urlTemplate\":\"https:\/\/avoolio.mx\/en\/?s={search_term_string}\"},\"query-input\":{\"@type\":\"PropertyValueSpecification\",\"valueRequired\":true,\"valueName\":\"search_term_string\"}}],\"inLanguage\":\"en-US\"},{\"@type\":\"Organization\",\"@id\":\"https:\/\/avoolio.mx\/en\/#organization\",\"name\":\"AvoOlio\",\"url\":\"https:\/\/avoolio.mx\/en\/\",\"logo\":{\"@type\":\"ImageObject\",\"inLanguage\":\"en-US\",\"@id\":\"https:\/\/avoolio.mx\/en\/#\/schema\/logo\/image\/\",\"url\":\"http:\/\/avoolio.mx\/wp-content\/uploads\/2019\/11\/LogoVerdeOro-02.png\",\"contentUrl\":\"http:\/\/avoolio.mx\/wp-content\/uploads\/2019\/11\/LogoVerdeOro-02.png\",\"width\":1890,\"height\":946,\"caption\":\"AvoOlio\"},\"image\":{\"@id\":\"https:\/\/avoolio.mx\/en\/#\/schema\/logo\/image\/\"}}]}<\/script>\n<!-- \/ Yoast SEO plugin. -->","yoast_head_json":{"title":"AvoOlio & yo - Avo Olio","robots":{"index":"index","follow":"follow","max-snippet":"max-snippet:-1","max-image-preview":"max-image-preview:large","max-video-preview":"max-video-preview:-1"},"canonical":"https:\/\/avoolio.mx\/en\/avoolio-yo\/","og_locale":"en_US","og_type":"article","og_title":"AvoOlio & yo - Avo Olio","og_description":"Avoolio &#038; yo ES Recetas AvoOlio Avoolio Egg Roll Estos Egg Rolls horneados con deliciosos aguacates Avoolio, contienen grasas saludables y mucho sabor para \u00a1sorprender a tus invitados en la pr\u00f3xima reuni\u00f3n! Tiempo de &#8230; julio 29, 2020 ES BEE AvoOlio CERTIFICACI\u00d3N EN APICULTURA Y POLINIZACI\u00d3N \u2013 BEE AvoOlio. CERTIFICACI\u00d3N EN APICULTURA Y POLINIZACI\u00d3N \u2013 [&hellip;]","og_url":"https:\/\/avoolio.mx\/en\/avoolio-yo\/","og_site_name":"Avo Olio","article_modified_time":"2021-12-08T20:28:06+00:00","og_image":[{"url":"http:\/\/avoolio.mx\/wp-content\/uploads\/2020\/07\/avocado-egg-rolls-8-2-700x697-700x500-1.jpg","type":"","width":"","height":""}],"twitter_card":"summary_large_image","twitter_misc":{"Est. reading time":"1 minute"},"schema":{"@context":"https:\/\/schema.org","@graph":[{"@type":"WebPage","@id":"https:\/\/avoolio.mx\/en\/avoolio-yo\/","url":"https:\/\/avoolio.mx\/en\/avoolio-yo\/","name":"AvoOlio & yo - Avo Olio","isPartOf":{"@id":"https:\/\/avoolio.mx\/en\/#website"},"primaryImageOfPage":{"@id":"https:\/\/avoolio.mx\/en\/avoolio-yo\/#primaryimage"},"image":{"@id":"https:\/\/avoolio.mx\/en\/avoolio-yo\/#primaryimage"},"thumbnailUrl":"http:\/\/avoolio.mx\/wp-content\/uploads\/2020\/07\/avocado-egg-rolls-8-2-700x697-700x500-1.jpg","datePublished":"2020-07-30T13:23:12+00:00","dateModified":"2021-12-08T20:28:06+00:00","breadcrumb":{"@id":"https:\/\/avoolio.mx\/en\/avoolio-yo\/#breadcrumb"},"inLanguage":"en-US","potentialAction":[{"@type":"ReadAction","target":["https:\/\/avoolio.mx\/en\/avoolio-yo\/"]}]},{"@type":"ImageObject","inLanguage":"en-US","@id":"https:\/\/avoolio.mx\/en\/avoolio-yo\/#primaryimage","url":"http:\/\/avoolio.mx\/wp-content\/uploads\/2020\/07\/avocado-egg-rolls-8-2-700x697-700x500-1.jpg","contentUrl":"http:\/\/avoolio.mx\/wp-content\/uploads\/2020\/07\/avocado-egg-rolls-8-2-700x697-700x500-1.jpg"},{"@type":"BreadcrumbList","@id":"https:\/\/avoolio.mx\/en\/avoolio-yo\/#breadcrumb","itemListElement":[{"@type":"ListItem","position":1,"name":"Portada","item":"https:\/\/avoolio.mx\/en\/"},{"@type":"ListItem","position":2,"name":"AvoOlio &#038; yo"}]},{"@type":"WebSite","@id":"https:\/\/avoolio.mx\/en\/#website","url":"https:\/\/avoolio.mx\/en\/","name":"Avo Olio","description":"Avocados","publisher":{"@id":"https:\/\/avoolio.mx\/en\/#organization"},"potentialAction":[{"@type":"SearchAction","target":{"@type":"EntryPoint","urlTemplate":"https:\/\/avoolio.mx\/en\/?s={search_term_string}"},"query-input":{"@type":"PropertyValueSpecification","valueRequired":true,"valueName":"search_term_string"}}],"inLanguage":"en-US"},{"@type":"Organization","@id":"https:\/\/avoolio.mx\/en\/#organization","name":"AvoOlio","url":"https:\/\/avoolio.mx\/en\/","logo":{"@type":"ImageObject","inLanguage":"en-US","@id":"https:\/\/avoolio.mx\/en\/#\/schema\/logo\/image\/","url":"http:\/\/avoolio.mx\/wp-content\/uploads\/2019\/11\/LogoVerdeOro-02.png","contentUrl":"http:\/\/avoolio.mx\/wp-content\/uploads\/2019\/11\/LogoVerdeOro-02.png","width":1890,"height":946,"caption":"AvoOlio"},"image":{"@id":"https:\/\/avoolio.mx\/en\/#\/schema\/logo\/image\/"}}]}},"_links":{"self":[{"href":"https:\/\/avoolio.mx\/en\/wp-json\/wp\/v2\/pages\/1453","targetHints":{"allow":["GET"]}}],"collection":[{"href":"https:\/\/avoolio.mx\/en\/wp-json\/wp\/v2\/pages"}],"about":[{"href":"https:\/\/avoolio.mx\/en\/wp-json\/wp\/v2\/types\/page"}],"author":[{"embeddable":true,"href":"https:\/\/avoolio.mx\/en\/wp-json\/wp\/v2\/users\/1"}],"replies":[{"embeddable":true,"href":"https:\/\/avoolio.mx\/en\/wp-json\/wp\/v2\/comments?post=1453"}],"version-history":[{"count":7,"href":"https:\/\/avoolio.mx\/en\/wp-json\/wp\/v2\/pages\/1453\/revisions"}],"predecessor-version":[{"id":1834,"href":"https:\/\/avoolio.mx\/en\/wp-json\/wp\/v2\/pages\/1453\/revisions\/1834"}],"wp:attachment":[{"href":"https:\/\/avoolio.mx\/en\/wp-json\/wp\/v2\/media?parent=1453"}],"curies":[{"name":"wp","href":"https:\/\/api.w.org\/{rel}","templated":true}]}}