{"id":24,"date":"2017-10-06T06:21:59","date_gmt":"2017-10-06T06:21:59","guid":{"rendered":"http:\/\/138.128.182.58\/~avoolio\/?page_id=24"},"modified":"2021-12-08T12:41:30","modified_gmt":"2021-12-08T18:41:30","slug":"nosotros","status":"publish","type":"page","link":"https:\/\/avoolio.mx\/es\/nosotros\/","title":{"rendered":"Nosotros"},"content":{"rendered":"\t\t<div data-elementor-type=\"wp-post\" data-elementor-id=\"24\" class=\"elementor elementor-24\" data-elementor-post-type=\"page\">\n\t\t\t\t\t\t<section class=\"elementor-section elementor-top-section elementor-element elementor-element-wsjjmdr elementor-section-full_width elementor-section-height-default elementor-section-height-default\" data-id=\"wsjjmdr\" data-element_type=\"section\" data-settings=\"{&quot;background_background&quot;:&quot;classic&quot;}\">\n\t\t\t\t\t\t\t<div class=\"elementor-background-overlay\"><\/div>\n\t\t\t\t\t\t\t<div class=\"elementor-container elementor-column-gap-default\">\n\t\t\t\t\t<div class=\"elementor-column elementor-col-100 elementor-top-column elementor-element elementor-element-htogtop\" data-id=\"htogtop\" data-element_type=\"column\">\n\t\t\t<div class=\"elementor-widget-wrap elementor-element-populated\">\n\t\t\t\t\t\t<section class=\"elementor-section elementor-inner-section elementor-element elementor-element-3nscsbt elementor-section-boxed elementor-section-height-default elementor-section-height-default\" data-id=\"3nscsbt\" data-element_type=\"section\">\n\t\t\t\t\t\t<div class=\"elementor-container elementor-column-gap-default\">\n\t\t\t\t\t<div class=\"elementor-column elementor-col-33 elementor-inner-column elementor-element elementor-element-1isgz4i\" data-id=\"1isgz4i\" data-element_type=\"column\">\n\t\t\t<div class=\"elementor-widget-wrap\">\n\t\t\t\t\t\t\t<\/div>\n\t\t<\/div>\n\t\t\t\t<div class=\"elementor-column elementor-col-33 elementor-inner-column elementor-element elementor-element-nhn79yo\" data-id=\"nhn79yo\" data-element_type=\"column\">\n\t\t\t<div class=\"elementor-widget-wrap elementor-element-populated\">\n\t\t\t\t\t\t<div class=\"elementor-element elementor-element-pyqcitf elementor-invisible elementor-widget elementor-widget-heading\" data-id=\"pyqcitf\" data-element_type=\"widget\" data-settings=\"{&quot;_animation&quot;:&quot;fadeInUp&quot;,&quot;_animation_delay&quot;:200}\" data-widget_type=\"heading.default\">\n\t\t\t\t<div class=\"elementor-widget-container\">\n\t\t\t\t\t<h1 class=\"elementor-heading-title elementor-size-default\">Nosotros<\/h1>\t\t\t\t<\/div>\n\t\t\t\t<\/div>\n\t\t\t\t\t<\/div>\n\t\t<\/div>\n\t\t\t\t<div class=\"elementor-column elementor-col-33 elementor-inner-column elementor-element elementor-element-t18woxg\" data-id=\"t18woxg\" data-element_type=\"column\">\n\t\t\t<div class=\"elementor-widget-wrap\">\n\t\t\t\t\t\t\t<\/div>\n\t\t<\/div>\n\t\t\t\t\t<\/div>\n\t\t<\/section>\n\t\t\t\t\t<\/div>\n\t\t<\/div>\n\t\t\t\t\t<\/div>\n\t\t<\/section>\n\t\t\t\t<section class=\"elementor-section elementor-top-section elementor-element elementor-element-2hqe5yx elementor-section-boxed elementor-section-height-default elementor-section-height-default\" data-id=\"2hqe5yx\" data-element_type=\"section\" data-settings=\"{&quot;background_background&quot;:&quot;classic&quot;}\">\n\t\t\t\t\t\t\t<div class=\"elementor-background-overlay\"><\/div>\n\t\t\t\t\t\t\t<div class=\"elementor-container elementor-column-gap-default\">\n\t\t\t\t\t<div class=\"elementor-column elementor-col-100 elementor-top-column elementor-element elementor-element-4fp0756\" data-id=\"4fp0756\" data-element_type=\"column\">\n\t\t\t<div class=\"elementor-widget-wrap elementor-element-populated\">\n\t\t\t\t\t\t<section class=\"elementor-section elementor-inner-section elementor-element elementor-element-52ue1ck elementor-section-boxed elementor-section-height-default elementor-section-height-default\" data-id=\"52ue1ck\" data-element_type=\"section\">\n\t\t\t\t\t\t<div class=\"elementor-container elementor-column-gap-default\">\n\t\t\t\t\t<div class=\"elementor-column elementor-col-50 elementor-inner-column elementor-element elementor-element-8r2syfz\" data-id=\"8r2syfz\" data-element_type=\"column\">\n\t\t\t<div class=\"elementor-widget-wrap elementor-element-populated\">\n\t\t\t\t\t\t<div class=\"elementor-element elementor-element-wve5sry elementor-invisible elementor-widget elementor-widget-heading\" data-id=\"wve5sry\" data-element_type=\"widget\" data-settings=\"{&quot;_animation_delay&quot;:200,&quot;_animation&quot;:&quot;fadeInLeft&quot;}\" data-widget_type=\"heading.default\">\n\t\t\t\t<div class=\"elementor-widget-container\">\n\t\t\t\t\t<h2 class=\"elementor-heading-title elementor-size-default\">Acerca de nosotros<\/h2>\t\t\t\t<\/div>\n\t\t\t\t<\/div>\n\t\t\t\t<div class=\"elementor-element elementor-element-lvk1egp elementor-widget-divider--view-line elementor-widget elementor-widget-divider\" data-id=\"lvk1egp\" data-element_type=\"widget\" data-widget_type=\"divider.default\">\n\t\t\t\t<div class=\"elementor-widget-container\">\n\t\t\t\t\t\t\t<div class=\"elementor-divider\">\n\t\t\t<span class=\"elementor-divider-separator\">\n\t\t\t\t\t\t<\/span>\n\t\t<\/div>\n\t\t\t\t\t\t<\/div>\n\t\t\t\t<\/div>\n\t\t\t\t<div class=\"elementor-element elementor-element-n1759og elementor-widget elementor-widget-text-editor\" data-id=\"n1759og\" data-element_type=\"widget\" data-widget_type=\"text-editor.default\">\n\t\t\t\t<div class=\"elementor-widget-container\">\n\t\t\t\t\t\t\t\t\t<p>AvoOlio naci\u00f3 como una propuesta de innovaci\u00f3n en el trabajo de campo en M\u00e9xico. AVOCADO OIL DE MEXICO S. DE R.L. DE C.V. es miembro de APEAM, A.C.,o la Asociaci\u00f3n de Productores y Empacadores Exportadores de Aguacate en M\u00e9xico.<br \/>La compa\u00f1\u00eda se centra en la generaci\u00f3n de proyectos productivos que benefician a toda la cadena de valor de la industria, incluidos los productores, envasadores, comercializadores y el consumidor.<br \/>AvoOlio se dedica actualmente a la exportaci\u00f3n de aguacates frescos y, adem\u00e1s, es un excelente procesador de aceite de aguacate.<\/p>\t\t\t\t\t\t\t\t<\/div>\n\t\t\t\t<\/div>\n\t\t\t\t<div class=\"elementor-element elementor-element-7056266 elementor-invisible elementor-widget elementor-widget-heading\" data-id=\"7056266\" data-element_type=\"widget\" data-settings=\"{&quot;_animation_delay&quot;:200,&quot;_animation&quot;:&quot;fadeInLeft&quot;}\" data-widget_type=\"heading.default\">\n\t\t\t\t<div class=\"elementor-widget-container\">\n\t\t\t\t\t<h2 class=\"elementor-heading-title elementor-size-default\">Prop\u00f3sito<\/h2>\t\t\t\t<\/div>\n\t\t\t\t<\/div>\n\t\t\t\t<div class=\"elementor-element elementor-element-4465240 elementor-widget-divider--view-line elementor-widget elementor-widget-divider\" data-id=\"4465240\" data-element_type=\"widget\" data-widget_type=\"divider.default\">\n\t\t\t\t<div class=\"elementor-widget-container\">\n\t\t\t\t\t\t\t<div class=\"elementor-divider\">\n\t\t\t<span class=\"elementor-divider-separator\">\n\t\t\t\t\t\t<\/span>\n\t\t<\/div>\n\t\t\t\t\t\t<\/div>\n\t\t\t\t<\/div>\n\t\t\t\t<div class=\"elementor-element elementor-element-416c8f1 elementor-widget elementor-widget-text-editor\" data-id=\"416c8f1\" data-element_type=\"widget\" data-widget_type=\"text-editor.default\">\n\t\t\t\t<div class=\"elementor-widget-container\">\n\t\t\t\t\t\t\t\t\t<p>El objetivo de AvoOlio es procurar el futuro del campo de Michoac\u00e1n y promover el desarrollo de la comunidad a trav\u00e9s de programas de mejora continua, lo que les permite generar ingresos de manera sostenible.<\/p>\t\t\t\t\t\t\t\t<\/div>\n\t\t\t\t<\/div>\n\t\t\t\t\t<\/div>\n\t\t<\/div>\n\t\t\t\t<div class=\"elementor-column elementor-col-50 elementor-inner-column elementor-element elementor-element-lvfrbku\" data-id=\"lvfrbku\" data-element_type=\"column\">\n\t\t\t<div class=\"elementor-widget-wrap elementor-element-populated\">\n\t\t\t\t\t\t<div class=\"elementor-element elementor-element-7da2ba0 elementor-invisible elementor-widget elementor-widget-image\" data-id=\"7da2ba0\" data-element_type=\"widget\" data-settings=\"{&quot;_animation&quot;:&quot;fadeInDown&quot;}\" data-widget_type=\"image.default\">\n\t\t\t\t<div class=\"elementor-widget-container\">\n\t\t\t\t\t\t\t\t\t\t\t\t\t\t\t<img fetchpriority=\"high\" decoding=\"async\" width=\"694\" height=\"1024\" src=\"https:\/\/avoolio.mx\/wp-content\/uploads\/2021\/12\/Avoolio-Botella-presentacion-694x1024.jpg\" class=\"attachment-large size-large wp-image-1791\" alt=\"Avoolio\" srcset=\"https:\/\/avoolio.mx\/wp-content\/uploads\/2021\/12\/Avoolio-Botella-presentacion-694x1024.jpg 694w, https:\/\/avoolio.mx\/wp-content\/uploads\/2021\/12\/Avoolio-Botella-presentacion-203x300.jpg 203w, https:\/\/avoolio.mx\/wp-content\/uploads\/2021\/12\/Avoolio-Botella-presentacion-768x1133.jpg 768w, https:\/\/avoolio.mx\/wp-content\/uploads\/2021\/12\/Avoolio-Botella-presentacion-600x885.jpg 600w, https:\/\/avoolio.mx\/wp-content\/uploads\/2021\/12\/Avoolio-Botella-presentacion.jpg 868w\" sizes=\"(max-width: 694px) 100vw, 694px\" \/>\t\t\t\t\t\t\t\t\t\t\t\t\t\t\t<\/div>\n\t\t\t\t<\/div>\n\t\t\t\t\t<\/div>\n\t\t<\/div>\n\t\t\t\t\t<\/div>\n\t\t<\/section>\n\t\t\t\t\t<\/div>\n\t\t<\/div>\n\t\t\t\t\t<\/div>\n\t\t<\/section>\n\t\t\t\t<section class=\"elementor-section elementor-top-section elementor-element elementor-element-1de0c7e elementor-section-boxed elementor-section-height-default elementor-section-height-default\" data-id=\"1de0c7e\" data-element_type=\"section\" data-settings=\"{&quot;background_background&quot;:&quot;classic&quot;}\">\n\t\t\t\t\t\t\t<div class=\"elementor-background-overlay\"><\/div>\n\t\t\t\t\t\t\t<div class=\"elementor-container elementor-column-gap-default\">\n\t\t\t\t\t<div class=\"elementor-column elementor-col-100 elementor-top-column elementor-element elementor-element-1d297dd\" data-id=\"1d297dd\" data-element_type=\"column\">\n\t\t\t<div class=\"elementor-widget-wrap elementor-element-populated\">\n\t\t\t\t\t\t<section class=\"elementor-section elementor-inner-section elementor-element elementor-element-f312597 elementor-section-boxed elementor-section-height-default elementor-section-height-default\" data-id=\"f312597\" data-element_type=\"section\">\n\t\t\t\t\t\t<div class=\"elementor-container elementor-column-gap-default\">\n\t\t\t\t\t<div class=\"elementor-column elementor-col-100 elementor-inner-column elementor-element elementor-element-8c98a53\" data-id=\"8c98a53\" data-element_type=\"column\">\n\t\t\t<div class=\"elementor-widget-wrap elementor-element-populated\">\n\t\t\t\t\t\t<div class=\"elementor-element elementor-element-b14d81c elementor-invisible elementor-widget elementor-widget-image\" data-id=\"b14d81c\" data-element_type=\"widget\" data-settings=\"{&quot;_animation&quot;:&quot;fadeInDown&quot;}\" data-widget_type=\"image.default\">\n\t\t\t\t<div class=\"elementor-widget-container\">\n\t\t\t\t\t\t\t\t\t\t\t\t\t\t\t<img decoding=\"async\" width=\"258\" height=\"271\" src=\"https:\/\/avoolio.mx\/wp-content\/uploads\/2020\/07\/gota-avoolio.png\" class=\"attachment-large size-large wp-image-1100\" alt=\"\" srcset=\"https:\/\/avoolio.mx\/wp-content\/uploads\/2020\/07\/gota-avoolio.png 258w, https:\/\/avoolio.mx\/wp-content\/uploads\/2020\/07\/gota-avoolio-90x95.png 90w\" sizes=\"(max-width: 258px) 100vw, 258px\" \/>\t\t\t\t\t\t\t\t\t\t\t\t\t\t\t<\/div>\n\t\t\t\t<\/div>\n\t\t\t\t<div class=\"elementor-element elementor-element-5e49d62 elementor-invisible elementor-widget elementor-widget-heading\" data-id=\"5e49d62\" data-element_type=\"widget\" data-settings=\"{&quot;_animation&quot;:&quot;fadeInDown&quot;}\" data-widget_type=\"heading.default\">\n\t\t\t\t<div class=\"elementor-widget-container\">\n\t\t\t\t\t<h2 class=\"elementor-heading-title elementor-size-default\">AvoOlio<\/h2>\t\t\t\t<\/div>\n\t\t\t\t<\/div>\n\t\t\t\t\t<\/div>\n\t\t<\/div>\n\t\t\t\t\t<\/div>\n\t\t<\/section>\n\t\t\t\t<section class=\"elementor-section elementor-inner-section elementor-element elementor-element-7012830 elementor-section-content-middle elementor-section-boxed elementor-section-height-default elementor-section-height-default\" data-id=\"7012830\" data-element_type=\"section\" data-settings=\"{&quot;background_background&quot;:&quot;classic&quot;}\">\n\t\t\t\t\t\t<div class=\"elementor-container elementor-column-gap-default\">\n\t\t\t\t\t<div class=\"elementor-column elementor-col-33 elementor-inner-column elementor-element elementor-element-0d91fd5\" data-id=\"0d91fd5\" data-element_type=\"column\">\n\t\t\t<div class=\"elementor-widget-wrap elementor-element-populated\">\n\t\t\t\t\t\t<div class=\"elementor-element elementor-element-6047d55 elementor-widget elementor-widget-image-box\" data-id=\"6047d55\" data-element_type=\"widget\" data-widget_type=\"image-box.default\">\n\t\t\t\t<div class=\"elementor-widget-container\">\n\t\t\t\t\t<div class=\"elementor-image-box-wrapper\"><div class=\"elementor-image-box-content\"><h3 class=\"elementor-image-box-title\">Misi\u00f3n<\/h3><p class=\"elementor-image-box-description\">Proveer de aguacate, aceite de aguacate y otros derivados al mercado internacional, siempre con la mejor calidad, buscando la innovaci\u00f3n en los procesos, el desarrollo profesional y humano de nuestros colaboradores y la relaci\u00f3n arm\u00f3nica con nuestro entorno. <\/p><\/div><\/div>\t\t\t\t<\/div>\n\t\t\t\t<\/div>\n\t\t\t\t\t<\/div>\n\t\t<\/div>\n\t\t\t\t<div class=\"elementor-column elementor-col-33 elementor-inner-column elementor-element elementor-element-944439d\" data-id=\"944439d\" data-element_type=\"column\">\n\t\t\t<div class=\"elementor-widget-wrap elementor-element-populated\">\n\t\t\t\t\t\t<div class=\"elementor-element elementor-element-91fc81d elementor-widget elementor-widget-image-box\" data-id=\"91fc81d\" data-element_type=\"widget\" data-widget_type=\"image-box.default\">\n\t\t\t\t<div class=\"elementor-widget-container\">\n\t\t\t\t\t<div class=\"elementor-image-box-wrapper\"><div class=\"elementor-image-box-content\"><h3 class=\"elementor-image-box-title\">Visi\u00f3n<\/h3><p class=\"elementor-image-box-description\">Ser reconocido como l\u00edder en exportaciones de aguacate y en el desarrollo de productos derivados que sean un referente de calidad a nivel mundial.<\/p><\/div><\/div>\t\t\t\t<\/div>\n\t\t\t\t<\/div>\n\t\t\t\t\t<\/div>\n\t\t<\/div>\n\t\t\t\t<div class=\"elementor-column elementor-col-33 elementor-inner-column elementor-element elementor-element-68008a1\" data-id=\"68008a1\" data-element_type=\"column\">\n\t\t\t<div class=\"elementor-widget-wrap elementor-element-populated\">\n\t\t\t\t\t\t<div class=\"elementor-element elementor-element-5f1ab78 elementor-widget elementor-widget-image-box\" data-id=\"5f1ab78\" data-element_type=\"widget\" data-widget_type=\"image-box.default\">\n\t\t\t\t<div class=\"elementor-widget-container\">\n\t\t\t\t\t<div class=\"elementor-image-box-wrapper\"><div class=\"elementor-image-box-content\"><h3 class=\"elementor-image-box-title\">Valores<\/h3><p class=\"elementor-image-box-description\">\u2022 Innovaci\u00f3n (mejora continua buscando alternativas creativas y eficientes de nuestro trabajo).\n\u2022 Colaboraci\u00f3n (cooperar en el esfuerzo colectivo de la empresa).\n\u2022 Integridad (actuar con honestidad y responsabilidad).\n\u2022 Liderazgo (hacer que las cosas sucedan).<\/p><\/div><\/div>\t\t\t\t<\/div>\n\t\t\t\t<\/div>\n\t\t\t\t\t<\/div>\n\t\t<\/div>\n\t\t\t\t\t<\/div>\n\t\t<\/section>\n\t\t\t\t\t<\/div>\n\t\t<\/div>\n\t\t\t\t\t<\/div>\n\t\t<\/section>\n\t\t\t\t<\/div>\n\t\t","protected":false},"excerpt":{"rendered":"<p>Nosotros Acerca de nosotros AvoOlio naci\u00f3 como una propuesta de innovaci\u00f3n en el trabajo de campo en M\u00e9xico. AVOCADO OIL DE MEXICO S. DE R.L. DE C.V. es miembro de APEAM, A.C.,o la Asociaci\u00f3n de Productores y Empacadores Exportadores de Aguacate en M\u00e9xico.La compa\u00f1\u00eda se centra en la generaci\u00f3n de proyectos productivos que benefician a [&hellip;]<\/p>\n","protected":false},"author":1,"featured_media":0,"parent":0,"menu_order":0,"comment_status":"closed","ping_status":"closed","template":"","meta":{"_monsterinsights_skip_tracking":false,"_monsterinsights_sitenote_active":false,"_monsterinsights_sitenote_note":"","_monsterinsights_sitenote_category":0,"site-sidebar-layout":"no-sidebar","site-content-layout":"page-builder","ast-site-content-layout":"default","site-content-style":"default","site-sidebar-style":"default","ast-global-header-display":"","ast-banner-title-visibility":"","ast-main-header-display":"","ast-hfb-above-header-display":"","ast-hfb-below-header-display":"","ast-hfb-mobile-header-display":"","site-post-title":"disabled","ast-breadcrumbs-content":"","ast-featured-img":"disabled","footer-sml-layout":"","theme-transparent-header-meta":"enabled","adv-header-id-meta":"","stick-header-meta":"default","header-above-stick-meta":"","header-main-stick-meta":"","header-below-stick-meta":"","astra-migrate-meta-layouts":"default","ast-page-background-enabled":"default","ast-page-background-meta":{"desktop":{"background-color":"","background-image":"","background-repeat":"repeat","background-position":"center center","background-size":"auto","background-attachment":"scroll","background-type":"","background-media":"","overlay-type":"","overlay-color":"","overlay-opacity":"","overlay-gradient":""},"tablet":{"background-color":"","background-image":"","background-repeat":"repeat","background-position":"center center","background-size":"auto","background-attachment":"scroll","background-type":"","background-media":"","overlay-type":"","overlay-color":"","overlay-opacity":"","overlay-gradient":""},"mobile":{"background-color":"","background-image":"","background-repeat":"repeat","background-position":"center center","background-size":"auto","background-attachment":"scroll","background-type":"","background-media":"","overlay-type":"","overlay-color":"","overlay-opacity":"","overlay-gradient":""}},"ast-content-background-meta":{"desktop":{"background-color":"var(--ast-global-color-5)","background-image":"","background-repeat":"repeat","background-position":"center center","background-size":"auto","background-attachment":"scroll","background-type":"","background-media":"","overlay-type":"","overlay-color":"","overlay-opacity":"","overlay-gradient":""},"tablet":{"background-color":"var(--ast-global-color-5)","background-image":"","background-repeat":"repeat","background-position":"center center","background-size":"auto","background-attachment":"scroll","background-type":"","background-media":"","overlay-type":"","overlay-color":"","overlay-opacity":"","overlay-gradient":""},"mobile":{"background-color":"var(--ast-global-color-5)","background-image":"","background-repeat":"repeat","background-position":"center center","background-size":"auto","background-attachment":"scroll","background-type":"","background-media":"","overlay-type":"","overlay-color":"","overlay-opacity":"","overlay-gradient":""}},"footnotes":""},"class_list":["post-24","page","type-page","status-publish","hentry"],"yoast_head":"<!-- This site is optimized with the Yoast SEO plugin v26.3 - https:\/\/yoast.com\/wordpress\/plugins\/seo\/ -->\n<title>Nosotros - Avo Olio<\/title>\n<meta name=\"robots\" content=\"index, follow, max-snippet:-1, max-image-preview:large, max-video-preview:-1\" \/>\n<link rel=\"canonical\" href=\"https:\/\/avoolio.mx\/es\/nosotros\/\" \/>\n<meta property=\"og:locale\" content=\"es_ES\" \/>\n<meta property=\"og:type\" content=\"article\" \/>\n<meta property=\"og:title\" content=\"Nosotros - Avo Olio\" \/>\n<meta property=\"og:description\" content=\"Nosotros Acerca de nosotros AvoOlio naci\u00f3 como una propuesta de innovaci\u00f3n en el trabajo de campo en M\u00e9xico. AVOCADO OIL DE MEXICO S. DE R.L. DE C.V. es miembro de APEAM, A.C.,o la Asociaci\u00f3n de Productores y Empacadores Exportadores de Aguacate en M\u00e9xico.La compa\u00f1\u00eda se centra en la generaci\u00f3n de proyectos productivos que benefician a [&hellip;]\" \/>\n<meta property=\"og:url\" content=\"https:\/\/avoolio.mx\/es\/nosotros\/\" \/>\n<meta property=\"og:site_name\" content=\"Avo Olio\" \/>\n<meta property=\"article:modified_time\" content=\"2021-12-08T18:41:30+00:00\" \/>\n<meta property=\"og:image\" content=\"http:\/\/avoolio.mx\/wp-content\/uploads\/2021\/12\/Avoolio-Botella-presentacion-694x1024.jpg\" \/>\n<meta name=\"twitter:card\" content=\"summary_large_image\" \/>\n<meta name=\"twitter:label1\" content=\"Tiempo de lectura\" \/>\n\t<meta name=\"twitter:data1\" content=\"2 minutos\" \/>\n<script type=\"application\/ld+json\" class=\"yoast-schema-graph\">{\"@context\":\"https:\/\/schema.org\",\"@graph\":[{\"@type\":\"WebPage\",\"@id\":\"https:\/\/avoolio.mx\/es\/nosotros\/\",\"url\":\"https:\/\/avoolio.mx\/es\/nosotros\/\",\"name\":\"Nosotros - Avo Olio\",\"isPartOf\":{\"@id\":\"https:\/\/avoolio.mx\/es\/#website\"},\"primaryImageOfPage\":{\"@id\":\"https:\/\/avoolio.mx\/es\/nosotros\/#primaryimage\"},\"image\":{\"@id\":\"https:\/\/avoolio.mx\/es\/nosotros\/#primaryimage\"},\"thumbnailUrl\":\"http:\/\/avoolio.mx\/wp-content\/uploads\/2021\/12\/Avoolio-Botella-presentacion-694x1024.jpg\",\"datePublished\":\"2017-10-06T06:21:59+00:00\",\"dateModified\":\"2021-12-08T18:41:30+00:00\",\"breadcrumb\":{\"@id\":\"https:\/\/avoolio.mx\/es\/nosotros\/#breadcrumb\"},\"inLanguage\":\"es\",\"potentialAction\":[{\"@type\":\"ReadAction\",\"target\":[\"https:\/\/avoolio.mx\/es\/nosotros\/\"]}]},{\"@type\":\"ImageObject\",\"inLanguage\":\"es\",\"@id\":\"https:\/\/avoolio.mx\/es\/nosotros\/#primaryimage\",\"url\":\"http:\/\/avoolio.mx\/wp-content\/uploads\/2021\/12\/Avoolio-Botella-presentacion-694x1024.jpg\",\"contentUrl\":\"http:\/\/avoolio.mx\/wp-content\/uploads\/2021\/12\/Avoolio-Botella-presentacion-694x1024.jpg\"},{\"@type\":\"BreadcrumbList\",\"@id\":\"https:\/\/avoolio.mx\/es\/nosotros\/#breadcrumb\",\"itemListElement\":[{\"@type\":\"ListItem\",\"position\":1,\"name\":\"Portada\",\"item\":\"https:\/\/avoolio.mx\/es\/\"},{\"@type\":\"ListItem\",\"position\":2,\"name\":\"Nosotros\"}]},{\"@type\":\"WebSite\",\"@id\":\"https:\/\/avoolio.mx\/es\/#website\",\"url\":\"https:\/\/avoolio.mx\/es\/\",\"name\":\"Avo Olio\",\"description\":\"Avocados\",\"publisher\":{\"@id\":\"https:\/\/avoolio.mx\/es\/#organization\"},\"potentialAction\":[{\"@type\":\"SearchAction\",\"target\":{\"@type\":\"EntryPoint\",\"urlTemplate\":\"https:\/\/avoolio.mx\/es\/?s={search_term_string}\"},\"query-input\":{\"@type\":\"PropertyValueSpecification\",\"valueRequired\":true,\"valueName\":\"search_term_string\"}}],\"inLanguage\":\"es\"},{\"@type\":\"Organization\",\"@id\":\"https:\/\/avoolio.mx\/es\/#organization\",\"name\":\"AvoOlio\",\"url\":\"https:\/\/avoolio.mx\/es\/\",\"logo\":{\"@type\":\"ImageObject\",\"inLanguage\":\"es\",\"@id\":\"https:\/\/avoolio.mx\/es\/#\/schema\/logo\/image\/\",\"url\":\"http:\/\/avoolio.mx\/wp-content\/uploads\/2019\/11\/LogoVerdeOro-02.png\",\"contentUrl\":\"http:\/\/avoolio.mx\/wp-content\/uploads\/2019\/11\/LogoVerdeOro-02.png\",\"width\":1890,\"height\":946,\"caption\":\"AvoOlio\"},\"image\":{\"@id\":\"https:\/\/avoolio.mx\/es\/#\/schema\/logo\/image\/\"}}]}<\/script>\n<!-- \/ Yoast SEO plugin. -->","yoast_head_json":{"title":"Nosotros - Avo Olio","robots":{"index":"index","follow":"follow","max-snippet":"max-snippet:-1","max-image-preview":"max-image-preview:large","max-video-preview":"max-video-preview:-1"},"canonical":"https:\/\/avoolio.mx\/es\/nosotros\/","og_locale":"es_ES","og_type":"article","og_title":"Nosotros - Avo Olio","og_description":"Nosotros Acerca de nosotros AvoOlio naci\u00f3 como una propuesta de innovaci\u00f3n en el trabajo de campo en M\u00e9xico. AVOCADO OIL DE MEXICO S. DE R.L. DE C.V. es miembro de APEAM, A.C.,o la Asociaci\u00f3n de Productores y Empacadores Exportadores de Aguacate en M\u00e9xico.La compa\u00f1\u00eda se centra en la generaci\u00f3n de proyectos productivos que benefician a [&hellip;]","og_url":"https:\/\/avoolio.mx\/es\/nosotros\/","og_site_name":"Avo Olio","article_modified_time":"2021-12-08T18:41:30+00:00","og_image":[{"url":"http:\/\/avoolio.mx\/wp-content\/uploads\/2021\/12\/Avoolio-Botella-presentacion-694x1024.jpg","type":"","width":"","height":""}],"twitter_card":"summary_large_image","twitter_misc":{"Tiempo de lectura":"2 minutos"},"schema":{"@context":"https:\/\/schema.org","@graph":[{"@type":"WebPage","@id":"https:\/\/avoolio.mx\/es\/nosotros\/","url":"https:\/\/avoolio.mx\/es\/nosotros\/","name":"Nosotros - Avo Olio","isPartOf":{"@id":"https:\/\/avoolio.mx\/es\/#website"},"primaryImageOfPage":{"@id":"https:\/\/avoolio.mx\/es\/nosotros\/#primaryimage"},"image":{"@id":"https:\/\/avoolio.mx\/es\/nosotros\/#primaryimage"},"thumbnailUrl":"http:\/\/avoolio.mx\/wp-content\/uploads\/2021\/12\/Avoolio-Botella-presentacion-694x1024.jpg","datePublished":"2017-10-06T06:21:59+00:00","dateModified":"2021-12-08T18:41:30+00:00","breadcrumb":{"@id":"https:\/\/avoolio.mx\/es\/nosotros\/#breadcrumb"},"inLanguage":"es","potentialAction":[{"@type":"ReadAction","target":["https:\/\/avoolio.mx\/es\/nosotros\/"]}]},{"@type":"ImageObject","inLanguage":"es","@id":"https:\/\/avoolio.mx\/es\/nosotros\/#primaryimage","url":"http:\/\/avoolio.mx\/wp-content\/uploads\/2021\/12\/Avoolio-Botella-presentacion-694x1024.jpg","contentUrl":"http:\/\/avoolio.mx\/wp-content\/uploads\/2021\/12\/Avoolio-Botella-presentacion-694x1024.jpg"},{"@type":"BreadcrumbList","@id":"https:\/\/avoolio.mx\/es\/nosotros\/#breadcrumb","itemListElement":[{"@type":"ListItem","position":1,"name":"Portada","item":"https:\/\/avoolio.mx\/es\/"},{"@type":"ListItem","position":2,"name":"Nosotros"}]},{"@type":"WebSite","@id":"https:\/\/avoolio.mx\/es\/#website","url":"https:\/\/avoolio.mx\/es\/","name":"Avo Olio","description":"Avocados","publisher":{"@id":"https:\/\/avoolio.mx\/es\/#organization"},"potentialAction":[{"@type":"SearchAction","target":{"@type":"EntryPoint","urlTemplate":"https:\/\/avoolio.mx\/es\/?s={search_term_string}"},"query-input":{"@type":"PropertyValueSpecification","valueRequired":true,"valueName":"search_term_string"}}],"inLanguage":"es"},{"@type":"Organization","@id":"https:\/\/avoolio.mx\/es\/#organization","name":"AvoOlio","url":"https:\/\/avoolio.mx\/es\/","logo":{"@type":"ImageObject","inLanguage":"es","@id":"https:\/\/avoolio.mx\/es\/#\/schema\/logo\/image\/","url":"http:\/\/avoolio.mx\/wp-content\/uploads\/2019\/11\/LogoVerdeOro-02.png","contentUrl":"http:\/\/avoolio.mx\/wp-content\/uploads\/2019\/11\/LogoVerdeOro-02.png","width":1890,"height":946,"caption":"AvoOlio"},"image":{"@id":"https:\/\/avoolio.mx\/es\/#\/schema\/logo\/image\/"}}]}},"_links":{"self":[{"href":"https:\/\/avoolio.mx\/es\/wp-json\/wp\/v2\/pages\/24","targetHints":{"allow":["GET"]}}],"collection":[{"href":"https:\/\/avoolio.mx\/es\/wp-json\/wp\/v2\/pages"}],"about":[{"href":"https:\/\/avoolio.mx\/es\/wp-json\/wp\/v2\/types\/page"}],"author":[{"embeddable":true,"href":"https:\/\/avoolio.mx\/es\/wp-json\/wp\/v2\/users\/1"}],"replies":[{"embeddable":true,"href":"https:\/\/avoolio.mx\/es\/wp-json\/wp\/v2\/comments?post=24"}],"version-history":[{"count":15,"href":"https:\/\/avoolio.mx\/es\/wp-json\/wp\/v2\/pages\/24\/revisions"}],"predecessor-version":[{"id":1800,"href":"https:\/\/avoolio.mx\/es\/wp-json\/wp\/v2\/pages\/24\/revisions\/1800"}],"wp:attachment":[{"href":"https:\/\/avoolio.mx\/es\/wp-json\/wp\/v2\/media?parent=24"}],"curies":[{"name":"wp","href":"https:\/\/api.w.org\/{rel}","templated":true}]}}