{"id":1660,"date":"2020-12-23T09:49:39","date_gmt":"2020-12-23T15:49:39","guid":{"rendered":"http:\/\/avoolio.mx\/es\/?post_type=product&#038;p=1660"},"modified":"2021-12-08T13:38:24","modified_gmt":"2021-12-08T19:38:24","slug":"combo-1a-bot-250-ml-1a-bot-500-ml","status":"publish","type":"product","link":"https:\/\/avoolio.mx\/es\/producto\/combo-1a-bot-250-ml-1a-bot-500-ml\/","title":{"rendered":"COMBO 1a BOT 250 ML + 1a BOT 500 ML"},"content":{"rendered":"<p><strong>\u00a1ORGULLOSOS GANADORES DE LA MEDALLA INTERNACIONAL DE PLATA!<\/strong>\u00a0Concurso Internacional de Aceites en el Mundo AVPA realizado en Par\u00eds Francia.<\/p>\n<p>Medalla de plata internacional el concurso AVPA Par\u00eds por\u00a0<strong><em>Agence pour Valorisation des Produits Agricoles 2021<\/em><\/strong><\/p>\n<p>Gracias al m\u00e9todo de prensado en fr\u00edo, nuestro aceite extra virgen de aguacate permite que los nutrientes naturales y las vitaminas del aguacate se conserven en el aceite.<\/p>\n<p>100% Aceite extra virgen de aguacate, obtenido de la pulpa del aguacate.<\/p>\n","protected":false},"excerpt":{"rendered":"<p>100% Aceite de aguacate extra virgen, obtenido a trav\u00e9s de un m\u00e9todo de prensado en fr\u00edo utilizando \u00fanicamente pulpa de aguacate.<\/p>\n<p>Nuestro aguacate es categor\u00eda 1 de grado GOURMET, NO utiliza ning\u00fan tipo de solvente o aditivo qu\u00edmico, NO se re- esterifica ni se mezcla con otros aceites vegetales.<\/p>\n<p>Prensado en fr\u00edo, conservando los nutrientes naturales y las vitaminas del aguacate.<\/p>\n<p>Contiene \u00e1cidos grasos monoinsaturados, \u00fatiles para reducir la inflamaci\u00f3n y las enfermedades cr\u00f3nicas. Potente antioxidante natural.<\/p>\n<p>Punto de humo 270\u00baC, sirve para freite, hornear, saltear, aderezar.<\/p>\n<p>Alta calidad Gourmet, perfecto para todos, vegano, keto, paleo, etc.<\/p>\n","protected":false},"featured_media":1808,"template":"","meta":{"_monsterinsights_skip_tracking":false,"_monsterinsights_sitenote_active":false,"_monsterinsights_sitenote_note":"","_monsterinsights_sitenote_category":0,"site-sidebar-layout":"default","site-content-layout":"default","ast-site-content-layout":"default","site-content-style":"default","site-sidebar-style":"default","ast-global-header-display":"","ast-banner-title-visibility":"","ast-main-header-display":"","ast-hfb-above-header-display":"","ast-hfb-below-header-display":"","ast-hfb-mobile-header-display":"","site-post-title":"","ast-breadcrumbs-content":"","ast-featured-img":"","footer-sml-layout":"","theme-transparent-header-meta":"default","adv-header-id-meta":"","stick-header-meta":"default","header-above-stick-meta":"","header-main-stick-meta":"","header-below-stick-meta":"","astra-migrate-meta-layouts":"default","ast-page-background-enabled":"default","ast-page-background-meta":{"desktop":{"background-color":"","background-image":"","background-repeat":"repeat","background-position":"center center","background-size":"auto","background-attachment":"scroll","background-type":"","background-media":"","overlay-type":"","overlay-color":"","overlay-opacity":"","overlay-gradient":""},"tablet":{"background-color":"","background-image":"","background-repeat":"repeat","background-position":"center center","background-size":"auto","background-attachment":"scroll","background-type":"","background-media":"","overlay-type":"","overlay-color":"","overlay-opacity":"","overlay-gradient":""},"mobile":{"background-color":"","background-image":"","background-repeat":"repeat","background-position":"center center","background-size":"auto","background-attachment":"scroll","background-type":"","background-media":"","overlay-type":"","overlay-color":"","overlay-opacity":"","overlay-gradient":""}},"ast-content-background-meta":{"desktop":{"background-color":"var(--ast-global-color-5)","background-image":"","background-repeat":"repeat","background-position":"center center","background-size":"auto","background-attachment":"scroll","background-type":"","background-media":"","overlay-type":"","overlay-color":"","overlay-opacity":"","overlay-gradient":""},"tablet":{"background-color":"var(--ast-global-color-5)","background-image":"","background-repeat":"repeat","background-position":"center center","background-size":"auto","background-attachment":"scroll","background-type":"","background-media":"","overlay-type":"","overlay-color":"","overlay-opacity":"","overlay-gradient":""},"mobile":{"background-color":"var(--ast-global-color-5)","background-image":"","background-repeat":"repeat","background-position":"center center","background-size":"auto","background-attachment":"scroll","background-type":"","background-media":"","overlay-type":"","overlay-color":"","overlay-opacity":"","overlay-gradient":""}}},"product_brand":[],"product_cat":[36],"product_tag":[],"class_list":{"0":"post-1660","1":"product","2":"type-product","3":"status-publish","4":"has-post-thumbnail","6":"product_cat-sin-categorizar","7":"desktop-align-left","8":"tablet-align-left","9":"mobile-align-left","10":"ast-product-gallery-layout-horizontal-slider","11":"ast-product-gallery-with-no-image","12":"ast-product-tabs-layout-horizontal","14":"first","15":"instock","16":"shipping-taxable","17":"purchasable","18":"product-type-simple"},"yoast_head":"<!-- This site is optimized with the Yoast SEO plugin v26.3 - https:\/\/yoast.com\/wordpress\/plugins\/seo\/ -->\n<title>COMBO 1a BOT 250 ML + 1a BOT 500 ML - Avo Olio<\/title>\n<meta name=\"description\" content=\"Aceite de aguacate extra virgen, prensado en fr\u00edo, categor\u00eda 1 de grado GOURMET, \u00e1cidos grasos monoinsaturados. Dietas Keto, Paleo, vegano.\" \/>\n<meta name=\"robots\" content=\"index, follow, max-snippet:-1, max-image-preview:large, max-video-preview:-1\" \/>\n<link rel=\"canonical\" href=\"https:\/\/avoolio.mx\/es\/producto\/combo-1a-bot-250-ml-1a-bot-500-ml\/\" \/>\n<meta property=\"og:locale\" content=\"es_ES\" \/>\n<meta property=\"og:type\" content=\"article\" \/>\n<meta property=\"og:title\" content=\"COMBO 1a BOT 250 ML + 1a BOT 500 ML - Avo Olio\" \/>\n<meta property=\"og:description\" content=\"Aceite de aguacate extra virgen, prensado en fr\u00edo, categor\u00eda 1 de grado GOURMET, \u00e1cidos grasos monoinsaturados. Dietas Keto, Paleo, vegano.\" \/>\n<meta property=\"og:url\" content=\"https:\/\/avoolio.mx\/es\/producto\/combo-1a-bot-250-ml-1a-bot-500-ml\/\" \/>\n<meta property=\"og:site_name\" content=\"Avo Olio\" \/>\n<meta property=\"article:modified_time\" content=\"2021-12-08T19:38:24+00:00\" \/>\n<meta property=\"og:image\" content=\"https:\/\/avoolio.mx\/wp-content\/uploads\/2020\/12\/Productos-03.jpg\" \/>\n\t<meta property=\"og:image:width\" content=\"481\" \/>\n\t<meta property=\"og:image:height\" content=\"480\" \/>\n\t<meta property=\"og:image:type\" content=\"image\/jpeg\" \/>\n<meta name=\"twitter:card\" content=\"summary_large_image\" \/>\n<meta name=\"twitter:label1\" content=\"Tiempo de lectura\" \/>\n\t<meta name=\"twitter:data1\" content=\"1 minuto\" \/>\n<script type=\"application\/ld+json\" class=\"yoast-schema-graph\">{\"@context\":\"https:\/\/schema.org\",\"@graph\":[{\"@type\":\"WebPage\",\"@id\":\"https:\/\/avoolio.mx\/es\/producto\/combo-1a-bot-250-ml-1a-bot-500-ml\/\",\"url\":\"https:\/\/avoolio.mx\/es\/producto\/combo-1a-bot-250-ml-1a-bot-500-ml\/\",\"name\":\"COMBO 1a BOT 250 ML + 1a BOT 500 ML - Avo Olio\",\"isPartOf\":{\"@id\":\"https:\/\/avoolio.mx\/es\/#website\"},\"primaryImageOfPage\":{\"@id\":\"https:\/\/avoolio.mx\/es\/producto\/combo-1a-bot-250-ml-1a-bot-500-ml\/#primaryimage\"},\"image\":{\"@id\":\"https:\/\/avoolio.mx\/es\/producto\/combo-1a-bot-250-ml-1a-bot-500-ml\/#primaryimage\"},\"thumbnailUrl\":\"https:\/\/avoolio.mx\/wp-content\/uploads\/2020\/12\/Productos-03.jpg\",\"datePublished\":\"2020-12-23T15:49:39+00:00\",\"dateModified\":\"2021-12-08T19:38:24+00:00\",\"description\":\"Aceite de aguacate extra virgen, prensado en fr\u00edo, categor\u00eda 1 de grado GOURMET, \u00e1cidos grasos monoinsaturados. Dietas Keto, Paleo, vegano.\",\"breadcrumb\":{\"@id\":\"https:\/\/avoolio.mx\/es\/producto\/combo-1a-bot-250-ml-1a-bot-500-ml\/#breadcrumb\"},\"inLanguage\":\"es\",\"potentialAction\":[{\"@type\":\"ReadAction\",\"target\":[\"https:\/\/avoolio.mx\/es\/producto\/combo-1a-bot-250-ml-1a-bot-500-ml\/\"]}]},{\"@type\":\"ImageObject\",\"inLanguage\":\"es\",\"@id\":\"https:\/\/avoolio.mx\/es\/producto\/combo-1a-bot-250-ml-1a-bot-500-ml\/#primaryimage\",\"url\":\"https:\/\/avoolio.mx\/wp-content\/uploads\/2020\/12\/Productos-03.jpg\",\"contentUrl\":\"https:\/\/avoolio.mx\/wp-content\/uploads\/2020\/12\/Productos-03.jpg\",\"width\":481,\"height\":480,\"caption\":\"Avoolio\"},{\"@type\":\"BreadcrumbList\",\"@id\":\"https:\/\/avoolio.mx\/es\/producto\/combo-1a-bot-250-ml-1a-bot-500-ml\/#breadcrumb\",\"itemListElement\":[{\"@type\":\"ListItem\",\"position\":1,\"name\":\"Portada\",\"item\":\"https:\/\/avoolio.mx\/es\/\"},{\"@type\":\"ListItem\",\"position\":2,\"name\":\"Tienda\",\"item\":\"https:\/\/avoolio.mx\/es\/tienda\/\"},{\"@type\":\"ListItem\",\"position\":3,\"name\":\"COMBO 1a BOT 250 ML + 1a BOT 500 ML\"}]},{\"@type\":\"WebSite\",\"@id\":\"https:\/\/avoolio.mx\/es\/#website\",\"url\":\"https:\/\/avoolio.mx\/es\/\",\"name\":\"Avo Olio\",\"description\":\"Avocados\",\"publisher\":{\"@id\":\"https:\/\/avoolio.mx\/es\/#organization\"},\"potentialAction\":[{\"@type\":\"SearchAction\",\"target\":{\"@type\":\"EntryPoint\",\"urlTemplate\":\"https:\/\/avoolio.mx\/es\/?s={search_term_string}\"},\"query-input\":{\"@type\":\"PropertyValueSpecification\",\"valueRequired\":true,\"valueName\":\"search_term_string\"}}],\"inLanguage\":\"es\"},{\"@type\":\"Organization\",\"@id\":\"https:\/\/avoolio.mx\/es\/#organization\",\"name\":\"AvoOlio\",\"url\":\"https:\/\/avoolio.mx\/es\/\",\"logo\":{\"@type\":\"ImageObject\",\"inLanguage\":\"es\",\"@id\":\"https:\/\/avoolio.mx\/es\/#\/schema\/logo\/image\/\",\"url\":\"http:\/\/avoolio.mx\/wp-content\/uploads\/2019\/11\/LogoVerdeOro-02.png\",\"contentUrl\":\"http:\/\/avoolio.mx\/wp-content\/uploads\/2019\/11\/LogoVerdeOro-02.png\",\"width\":1890,\"height\":946,\"caption\":\"AvoOlio\"},\"image\":{\"@id\":\"https:\/\/avoolio.mx\/es\/#\/schema\/logo\/image\/\"}}]}<\/script>\n<!-- \/ Yoast SEO plugin. -->","yoast_head_json":{"title":"COMBO 1a BOT 250 ML + 1a BOT 500 ML - Avo Olio","description":"Aceite de aguacate extra virgen, prensado en fr\u00edo, categor\u00eda 1 de grado GOURMET, \u00e1cidos grasos monoinsaturados. Dietas Keto, Paleo, vegano.","robots":{"index":"index","follow":"follow","max-snippet":"max-snippet:-1","max-image-preview":"max-image-preview:large","max-video-preview":"max-video-preview:-1"},"canonical":"https:\/\/avoolio.mx\/es\/producto\/combo-1a-bot-250-ml-1a-bot-500-ml\/","og_locale":"es_ES","og_type":"article","og_title":"COMBO 1a BOT 250 ML + 1a BOT 500 ML - Avo Olio","og_description":"Aceite de aguacate extra virgen, prensado en fr\u00edo, categor\u00eda 1 de grado GOURMET, \u00e1cidos grasos monoinsaturados. Dietas Keto, Paleo, vegano.","og_url":"https:\/\/avoolio.mx\/es\/producto\/combo-1a-bot-250-ml-1a-bot-500-ml\/","og_site_name":"Avo Olio","article_modified_time":"2021-12-08T19:38:24+00:00","og_image":[{"width":481,"height":480,"url":"https:\/\/avoolio.mx\/wp-content\/uploads\/2020\/12\/Productos-03.jpg","type":"image\/jpeg"}],"twitter_card":"summary_large_image","twitter_misc":{"Tiempo de lectura":"1 minuto"},"schema":{"@context":"https:\/\/schema.org","@graph":[{"@type":"WebPage","@id":"https:\/\/avoolio.mx\/es\/producto\/combo-1a-bot-250-ml-1a-bot-500-ml\/","url":"https:\/\/avoolio.mx\/es\/producto\/combo-1a-bot-250-ml-1a-bot-500-ml\/","name":"COMBO 1a BOT 250 ML + 1a BOT 500 ML - Avo Olio","isPartOf":{"@id":"https:\/\/avoolio.mx\/es\/#website"},"primaryImageOfPage":{"@id":"https:\/\/avoolio.mx\/es\/producto\/combo-1a-bot-250-ml-1a-bot-500-ml\/#primaryimage"},"image":{"@id":"https:\/\/avoolio.mx\/es\/producto\/combo-1a-bot-250-ml-1a-bot-500-ml\/#primaryimage"},"thumbnailUrl":"https:\/\/avoolio.mx\/wp-content\/uploads\/2020\/12\/Productos-03.jpg","datePublished":"2020-12-23T15:49:39+00:00","dateModified":"2021-12-08T19:38:24+00:00","description":"Aceite de aguacate extra virgen, prensado en fr\u00edo, categor\u00eda 1 de grado GOURMET, \u00e1cidos grasos monoinsaturados. Dietas Keto, Paleo, vegano.","breadcrumb":{"@id":"https:\/\/avoolio.mx\/es\/producto\/combo-1a-bot-250-ml-1a-bot-500-ml\/#breadcrumb"},"inLanguage":"es","potentialAction":[{"@type":"ReadAction","target":["https:\/\/avoolio.mx\/es\/producto\/combo-1a-bot-250-ml-1a-bot-500-ml\/"]}]},{"@type":"ImageObject","inLanguage":"es","@id":"https:\/\/avoolio.mx\/es\/producto\/combo-1a-bot-250-ml-1a-bot-500-ml\/#primaryimage","url":"https:\/\/avoolio.mx\/wp-content\/uploads\/2020\/12\/Productos-03.jpg","contentUrl":"https:\/\/avoolio.mx\/wp-content\/uploads\/2020\/12\/Productos-03.jpg","width":481,"height":480,"caption":"Avoolio"},{"@type":"BreadcrumbList","@id":"https:\/\/avoolio.mx\/es\/producto\/combo-1a-bot-250-ml-1a-bot-500-ml\/#breadcrumb","itemListElement":[{"@type":"ListItem","position":1,"name":"Portada","item":"https:\/\/avoolio.mx\/es\/"},{"@type":"ListItem","position":2,"name":"Tienda","item":"https:\/\/avoolio.mx\/es\/tienda\/"},{"@type":"ListItem","position":3,"name":"COMBO 1a BOT 250 ML + 1a BOT 500 ML"}]},{"@type":"WebSite","@id":"https:\/\/avoolio.mx\/es\/#website","url":"https:\/\/avoolio.mx\/es\/","name":"Avo Olio","description":"Avocados","publisher":{"@id":"https:\/\/avoolio.mx\/es\/#organization"},"potentialAction":[{"@type":"SearchAction","target":{"@type":"EntryPoint","urlTemplate":"https:\/\/avoolio.mx\/es\/?s={search_term_string}"},"query-input":{"@type":"PropertyValueSpecification","valueRequired":true,"valueName":"search_term_string"}}],"inLanguage":"es"},{"@type":"Organization","@id":"https:\/\/avoolio.mx\/es\/#organization","name":"AvoOlio","url":"https:\/\/avoolio.mx\/es\/","logo":{"@type":"ImageObject","inLanguage":"es","@id":"https:\/\/avoolio.mx\/es\/#\/schema\/logo\/image\/","url":"http:\/\/avoolio.mx\/wp-content\/uploads\/2019\/11\/LogoVerdeOro-02.png","contentUrl":"http:\/\/avoolio.mx\/wp-content\/uploads\/2019\/11\/LogoVerdeOro-02.png","width":1890,"height":946,"caption":"AvoOlio"},"image":{"@id":"https:\/\/avoolio.mx\/es\/#\/schema\/logo\/image\/"}}]}},"_links":{"self":[{"href":"https:\/\/avoolio.mx\/es\/wp-json\/wp\/v2\/product\/1660","targetHints":{"allow":["GET"]}}],"collection":[{"href":"https:\/\/avoolio.mx\/es\/wp-json\/wp\/v2\/product"}],"about":[{"href":"https:\/\/avoolio.mx\/es\/wp-json\/wp\/v2\/types\/product"}],"wp:featuredmedia":[{"embeddable":true,"href":"https:\/\/avoolio.mx\/es\/wp-json\/wp\/v2\/media\/1808"}],"wp:attachment":[{"href":"https:\/\/avoolio.mx\/es\/wp-json\/wp\/v2\/media?parent=1660"}],"wp:term":[{"taxonomy":"product_brand","embeddable":true,"href":"https:\/\/avoolio.mx\/es\/wp-json\/wp\/v2\/product_brand?post=1660"},{"taxonomy":"product_cat","embeddable":true,"href":"https:\/\/avoolio.mx\/es\/wp-json\/wp\/v2\/product_cat?post=1660"},{"taxonomy":"product_tag","embeddable":true,"href":"https:\/\/avoolio.mx\/es\/wp-json\/wp\/v2\/product_tag?post=1660"}],"curies":[{"name":"wp","href":"https:\/\/api.w.org\/{rel}","templated":true}]}}